{"id":357,"date":"2020-06-14T16:17:23","date_gmt":"2020-06-14T16:17:23","guid":{"rendered":"http:\/\/demopreview.co.za\/lipoaesthetic\/?page_id=357"},"modified":"2025-12-04T14:05:38","modified_gmt":"2025-12-04T14:05:38","slug":"home","status":"publish","type":"page","link":"https:\/\/lipoaesthetic.com\/m\/de\/","title":{"rendered":"Home"},"content":{"rendered":"","protected":false},"excerpt":{"rendered":"","protected":false},"author":1,"featured_media":0,"parent":0,"menu_order":0,"comment_status":"closed","ping_status":"closed","template":"0-Home.php","meta":{"_acf_changed":false,"footnotes":""},"class_list":["post-357","page","type-page","status-publish","hentry"],"acf":[],"yoast_head":"<!-- This site is optimized with the Yoast SEO plugin v24.9 - https:\/\/yoast.com\/wordpress\/plugins\/seo\/ -->\n<title>Lipoaesthetic - Spezialpraxis f\u00fcr Fettabsaugung M\u00fcnchen<\/title>\n<meta name=\"description\" content=\"Wir sind im Bereich der \u00e4sthetischen Chirurgie auf k\u00f6rperformende Therapieverfahren spezialisiert. Mit Fettabsaugung, Eigenfetttransfer und hautstraffenden Therapien formen und gestalten wir Ihren K\u00f6rper nach Ihren W\u00fcnschen, soweit anatomisch und medizinisch m\u00f6glich. Nicht alles ist m\u00f6glich, aber vieles machbar auf dem Weg zu einem besser geformten K\u00f6rper. Ein gutes \u00e4sthetisches Auge, \u00fcber 20 Jahre operative und \u00e4sthetische Erfahrung und modernste Ger\u00e4te sind unsere Basis auf dem Weg dorthin. Im Folgenden finden Sie einen \u00dcberblick \u00fcber unsere Therapieverfahren im Bereich der modernen operativen K\u00f6rperformung. Sicher ist auch etwas f\u00fcr Sie dabei.\" \/>\n<meta name=\"robots\" content=\"index, follow, max-snippet:-1, max-image-preview:large, max-video-preview:-1\" \/>\n<link rel=\"canonical\" href=\"https:\/\/lipoaesthetic.com\/de\/home-de\/\" \/>\n<meta property=\"og:locale\" content=\"en_US\" \/>\n<meta property=\"og:type\" content=\"article\" \/>\n<meta property=\"og:title\" content=\"Lipoaesthetic - Spezialpraxis f\u00fcr Fettabsaugung M\u00fcnchen\" \/>\n<meta property=\"og:description\" content=\"Wir sind im Bereich der \u00e4sthetischen Chirurgie auf k\u00f6rperformende Therapieverfahren spezialisiert. Mit Fettabsaugung, Eigenfetttransfer und hautstraffenden Therapien formen und gestalten wir Ihren K\u00f6rper nach Ihren W\u00fcnschen, soweit anatomisch und medizinisch m\u00f6glich. Nicht alles ist m\u00f6glich, aber vieles machbar auf dem Weg zu einem besser geformten K\u00f6rper. Ein gutes \u00e4sthetisches Auge, \u00fcber 20 Jahre operative und \u00e4sthetische Erfahrung und modernste Ger\u00e4te sind unsere Basis auf dem Weg dorthin. Im Folgenden finden Sie einen \u00dcberblick \u00fcber unsere Therapieverfahren im Bereich der modernen operativen K\u00f6rperformung. Sicher ist auch etwas f\u00fcr Sie dabei.\" \/>\n<meta property=\"og:url\" content=\"https:\/\/lipoaesthetic.com\/de\/home-de\/\" \/>\n<meta property=\"og:site_name\" content=\"Lipoaesthetic Male\" \/>\n<meta property=\"article:modified_time\" content=\"2025-12-04T14:05:38+00:00\" \/>\n<meta name=\"twitter:card\" content=\"summary_large_image\" \/>\n<script type=\"application\/ld+json\" class=\"yoast-schema-graph\">{\"@context\":\"https:\/\/schema.org\",\"@graph\":[{\"@type\":\"WebPage\",\"@id\":\"https:\/\/lipoaesthetic.com\/m\/de\/\",\"url\":\"https:\/\/lipoaesthetic.com\/de\/home-de\/\",\"name\":\"Lipoaesthetic - Spezialpraxis f\u00fcr Fettabsaugung M\u00fcnchen\",\"isPartOf\":{\"@id\":\"https:\/\/lipoaesthetic.com\/m\/#website\"},\"datePublished\":\"2020-06-14T16:17:23+00:00\",\"dateModified\":\"2025-12-04T14:05:38+00:00\",\"description\":\"Wir sind im Bereich der \u00e4sthetischen Chirurgie auf k\u00f6rperformende Therapieverfahren spezialisiert. Mit Fettabsaugung, Eigenfetttransfer und hautstraffenden Therapien formen und gestalten wir Ihren K\u00f6rper nach Ihren W\u00fcnschen, soweit anatomisch und medizinisch m\u00f6glich. Nicht alles ist m\u00f6glich, aber vieles machbar auf dem Weg zu einem besser geformten K\u00f6rper. Ein gutes \u00e4sthetisches Auge, \u00fcber 20 Jahre operative und \u00e4sthetische Erfahrung und modernste Ger\u00e4te sind unsere Basis auf dem Weg dorthin. Im Folgenden finden Sie einen \u00dcberblick \u00fcber unsere Therapieverfahren im Bereich der modernen operativen K\u00f6rperformung. Sicher ist auch etwas f\u00fcr Sie dabei.\",\"breadcrumb\":{\"@id\":\"https:\/\/lipoaesthetic.com\/de\/home-de\/#breadcrumb\"},\"inLanguage\":\"en-US\",\"potentialAction\":[{\"@type\":\"ReadAction\",\"target\":[\"https:\/\/lipoaesthetic.com\/de\/home-de\/\"]}]},{\"@type\":\"BreadcrumbList\",\"@id\":\"https:\/\/lipoaesthetic.com\/de\/home-de\/#breadcrumb\",\"itemListElement\":[{\"@type\":\"ListItem\",\"position\":1,\"name\":\"Home\",\"item\":\"https:\/\/lipoaesthetic.com\/m\/de\/\"},{\"@type\":\"ListItem\",\"position\":2,\"name\":\"Home\"}]},{\"@type\":\"WebSite\",\"@id\":\"https:\/\/lipoaesthetic.com\/m\/#website\",\"url\":\"https:\/\/lipoaesthetic.com\/m\/\",\"name\":\"Lipoaesthetic Male\",\"description\":\"\",\"potentialAction\":[{\"@type\":\"SearchAction\",\"target\":{\"@type\":\"EntryPoint\",\"urlTemplate\":\"https:\/\/lipoaesthetic.com\/m\/?s={search_term_string}\"},\"query-input\":{\"@type\":\"PropertyValueSpecification\",\"valueRequired\":true,\"valueName\":\"search_term_string\"}}],\"inLanguage\":\"en-US\"}]}<\/script>\n<!-- \/ Yoast SEO plugin. -->","yoast_head_json":{"title":"Lipoaesthetic - Spezialpraxis f\u00fcr Fettabsaugung M\u00fcnchen","description":"Wir sind im Bereich der \u00e4sthetischen Chirurgie auf k\u00f6rperformende Therapieverfahren spezialisiert. Mit Fettabsaugung, Eigenfetttransfer und hautstraffenden Therapien formen und gestalten wir Ihren K\u00f6rper nach Ihren W\u00fcnschen, soweit anatomisch und medizinisch m\u00f6glich. Nicht alles ist m\u00f6glich, aber vieles machbar auf dem Weg zu einem besser geformten K\u00f6rper. Ein gutes \u00e4sthetisches Auge, \u00fcber 20 Jahre operative und \u00e4sthetische Erfahrung und modernste Ger\u00e4te sind unsere Basis auf dem Weg dorthin. Im Folgenden finden Sie einen \u00dcberblick \u00fcber unsere Therapieverfahren im Bereich der modernen operativen K\u00f6rperformung. Sicher ist auch etwas f\u00fcr Sie dabei.","robots":{"index":"index","follow":"follow","max-snippet":"max-snippet:-1","max-image-preview":"max-image-preview:large","max-video-preview":"max-video-preview:-1"},"canonical":"https:\/\/lipoaesthetic.com\/de\/home-de\/","og_locale":"en_US","og_type":"article","og_title":"Lipoaesthetic - Spezialpraxis f\u00fcr Fettabsaugung M\u00fcnchen","og_description":"Wir sind im Bereich der \u00e4sthetischen Chirurgie auf k\u00f6rperformende Therapieverfahren spezialisiert. Mit Fettabsaugung, Eigenfetttransfer und hautstraffenden Therapien formen und gestalten wir Ihren K\u00f6rper nach Ihren W\u00fcnschen, soweit anatomisch und medizinisch m\u00f6glich. Nicht alles ist m\u00f6glich, aber vieles machbar auf dem Weg zu einem besser geformten K\u00f6rper. Ein gutes \u00e4sthetisches Auge, \u00fcber 20 Jahre operative und \u00e4sthetische Erfahrung und modernste Ger\u00e4te sind unsere Basis auf dem Weg dorthin. Im Folgenden finden Sie einen \u00dcberblick \u00fcber unsere Therapieverfahren im Bereich der modernen operativen K\u00f6rperformung. Sicher ist auch etwas f\u00fcr Sie dabei.","og_url":"https:\/\/lipoaesthetic.com\/de\/home-de\/","og_site_name":"Lipoaesthetic Male","article_modified_time":"2025-12-04T14:05:38+00:00","twitter_card":"summary_large_image","schema":{"@context":"https:\/\/schema.org","@graph":[{"@type":"WebPage","@id":"https:\/\/lipoaesthetic.com\/m\/de\/","url":"https:\/\/lipoaesthetic.com\/de\/home-de\/","name":"Lipoaesthetic - Spezialpraxis f\u00fcr Fettabsaugung M\u00fcnchen","isPartOf":{"@id":"https:\/\/lipoaesthetic.com\/m\/#website"},"datePublished":"2020-06-14T16:17:23+00:00","dateModified":"2025-12-04T14:05:38+00:00","description":"Wir sind im Bereich der \u00e4sthetischen Chirurgie auf k\u00f6rperformende Therapieverfahren spezialisiert. Mit Fettabsaugung, Eigenfetttransfer und hautstraffenden Therapien formen und gestalten wir Ihren K\u00f6rper nach Ihren W\u00fcnschen, soweit anatomisch und medizinisch m\u00f6glich. Nicht alles ist m\u00f6glich, aber vieles machbar auf dem Weg zu einem besser geformten K\u00f6rper. Ein gutes \u00e4sthetisches Auge, \u00fcber 20 Jahre operative und \u00e4sthetische Erfahrung und modernste Ger\u00e4te sind unsere Basis auf dem Weg dorthin. Im Folgenden finden Sie einen \u00dcberblick \u00fcber unsere Therapieverfahren im Bereich der modernen operativen K\u00f6rperformung. Sicher ist auch etwas f\u00fcr Sie dabei.","breadcrumb":{"@id":"https:\/\/lipoaesthetic.com\/de\/home-de\/#breadcrumb"},"inLanguage":"en-US","potentialAction":[{"@type":"ReadAction","target":["https:\/\/lipoaesthetic.com\/de\/home-de\/"]}]},{"@type":"BreadcrumbList","@id":"https:\/\/lipoaesthetic.com\/de\/home-de\/#breadcrumb","itemListElement":[{"@type":"ListItem","position":1,"name":"Home","item":"https:\/\/lipoaesthetic.com\/m\/de\/"},{"@type":"ListItem","position":2,"name":"Home"}]},{"@type":"WebSite","@id":"https:\/\/lipoaesthetic.com\/m\/#website","url":"https:\/\/lipoaesthetic.com\/m\/","name":"Lipoaesthetic Male","description":"","potentialAction":[{"@type":"SearchAction","target":{"@type":"EntryPoint","urlTemplate":"https:\/\/lipoaesthetic.com\/m\/?s={search_term_string}"},"query-input":{"@type":"PropertyValueSpecification","valueRequired":true,"valueName":"search_term_string"}}],"inLanguage":"en-US"}]}},"_links":{"self":[{"href":"https:\/\/lipoaesthetic.com\/m\/wp-json\/wp\/v2\/pages\/357","targetHints":{"allow":["GET"]}}],"collection":[{"href":"https:\/\/lipoaesthetic.com\/m\/wp-json\/wp\/v2\/pages"}],"about":[{"href":"https:\/\/lipoaesthetic.com\/m\/wp-json\/wp\/v2\/types\/page"}],"author":[{"embeddable":true,"href":"https:\/\/lipoaesthetic.com\/m\/wp-json\/wp\/v2\/users\/1"}],"replies":[{"embeddable":true,"href":"https:\/\/lipoaesthetic.com\/m\/wp-json\/wp\/v2\/comments?post=357"}],"version-history":[{"count":25,"href":"https:\/\/lipoaesthetic.com\/m\/wp-json\/wp\/v2\/pages\/357\/revisions"}],"predecessor-version":[{"id":1231,"href":"https:\/\/lipoaesthetic.com\/m\/wp-json\/wp\/v2\/pages\/357\/revisions\/1231"}],"wp:attachment":[{"href":"https:\/\/lipoaesthetic.com\/m\/wp-json\/wp\/v2\/media?parent=357"}],"curies":[{"name":"wp","href":"https:\/\/api.w.org\/{rel}","templated":true}]}}